{"id":324,"date":"2021-03-31T16:57:35","date_gmt":"2021-03-31T16:57:35","guid":{"rendered":"https:\/\/rosalia.araneira.es\/?page_id=324"},"modified":"2022-03-17T09:50:07","modified_gmt":"2022-03-17T09:50:07","slug":"politica-de-privacidad","status":"publish","type":"page","link":"https:\/\/www.hotelrosalia.es\/index.php\/politica-de-privacidad\/","title":{"rendered":"Pol\u00edtica de Privacidad"},"content":{"rendered":"<p>[et_pb_section fb_built=\u00bb1&#8243; admin_label=\u00bbPol\u00edtica de Privacidad-CABECERA\u00bb _builder_version=\u00bb4.7.4&#8243; use_background_color_gradient=\u00bbon\u00bb background_color_gradient_start=\u00bbrgba(255,255,255,0.89)\u00bb background_color_gradient_end=\u00bbrgba(255,255,255,0)\u00bb background_color_gradient_type=\u00bbradial\u00bb background_color_gradient_direction_radial=\u00bbtop left\u00bb background_color_gradient_start_position=\u00bb30%\u00bb background_color_gradient_end_position=\u00bb80%\u00bb background_color_gradient_overlays_image=\u00bbon\u00bb background_image=\u00bbhttps:\/\/www.hotelrosalia.es\/wp-content\/uploads\/2021\/03\/hotel_grabado.jpg\u00bb custom_margin=\u00bb|||\u00bb custom_padding=\u00bb8vw||8vw||true\u00bb][et_pb_row _builder_version=\u00bb3.25&#8243;][et_pb_column type=\u00bb4_4&#8243; _builder_version=\u00bb3.25&#8243; custom_padding=\u00bb|||\u00bb custom_padding__hover=\u00bb|||\u00bb][et_pb_text _builder_version=\u00bb4.7.4&#8243; text_font=\u00bb||||||||\u00bb header_font=\u00bbRaleway|700|||||||\u00bb header_font_size=\u00bb80px\u00bb header_line_height=\u00bb1.2em\u00bb header_5_font=\u00bbRaleway|700||on|||||\u00bb header_5_text_color=\u00bb#000000&#8243; header_5_font_size=\u00bb20px\u00bb header_5_letter_spacing=\u00bb0.5em\u00bb header_5_line_height=\u00bb1.8em\u00bb animation_style=\u00bbzoom\u00bb animation_intensity_zoom=\u00bb5%\u00bb hover_enabled=\u00bb0&#8243; header_font_size_tablet=\u00bb48px\u00bb header_font_size_phone=\u00bb32px\u00bb header_font_size_last_edited=\u00bbon|phone\u00bb header_5_font_size_tablet=\u00bb14px\u00bb header_5_font_size_phone=\u00bb12px\u00bb header_5_font_size_last_edited=\u00bbon|desktop\u00bb sticky_enabled=\u00bb0&#8243;]<\/p>\n<h5>HOTEL ROSAL\u00cdA<\/h5>\n<h1>Pol\u00edtica de Privacidad<\/h1>\n<p>[\/et_pb_text][\/et_pb_column][\/et_pb_row][\/et_pb_section][et_pb_section fb_built=\u00bb1&#8243; fullwidth=\u00bbon\u00bb _builder_version=\u00bb4.7.4&#8243; _module_preset=\u00bbdefault\u00bb top_divider_color=\u00bb#d3ba68&#8243; top_divider_flip=\u00bbvertical\u00bb bottom_divider_style=\u00bbslant\u00bb bottom_divider_color=\u00bb#2e3eaa\u00bb][et_pb_fullwidth_header title=\u00bbPOL\u00cdTICA DE PRIVACIDAD\u00bb _builder_version=\u00bb4.7.4&#8243; _module_preset=\u00bbdefault\u00bb title_font=\u00bbRaleway|600|||||||\u00bb title_text_color=\u00bb#d3ba68&#8243; title_font_size=\u00bb35px\u00bb content_text_color=\u00bb#1a2daa\u00bb background_color=\u00bb#ffffff\u00bb custom_padding=\u00bb2px||79px|||\u00bb hover_enabled=\u00bb0&#8243; sticky_enabled=\u00bb0&#8243;]<\/p>\n<ol>\n<li><strong>IDENTIFICACI\u00d3N<\/strong><\/li>\n<\/ol>\n<ul>\n<li>Identidad: RESTAURACION DO SAR S.L.<\/li>\n<li>NIF: B70032560 <em>\u00a0<\/em><\/li>\n<li>Direcci\u00f3n: RUA MARUXA VILLANUEVA S\/N\u00a0 15900\u00a0 PADR\u00d3N<\/li>\n<li>Correo: info@hotelrosalia.es<\/li>\n<\/ul>\n<ol start=\"2\">\n<li><strong>INFORMACI\u00d3N Y CONSENTIMIENTO.<\/strong><\/li>\n<\/ol>\n<p>Mediante la aceptaci\u00f3n de la presente Pol\u00edtica de Privacidad, el usuario queda informado y presta su consentimiento libre, informado, espec\u00edfico e inequ\u00edvoco para que los datos personales que facilite a trav\u00e9s de la p\u00e1gina web ubicada en la URL <a href=\"http:\/\/www.hotelrosalia.es\"><strong>www.hotelrosalia.es<\/strong><\/a> <strong>\u00a0<\/strong><strong>\u00a0<\/strong>en adelante, el \u201c<strong>Sitio Web<\/strong>\u201d) sean tratados por RESTAURACION DO SAR S.L., as\u00ed como los datos derivados de su navegaci\u00f3n y aquellos otros datos que pueda facilitar en un futuro a\u00a0RESTAURACION DO SAR S.L.\u00a0 de forma clara y sencilla, para facilitar su comprensi\u00f3n, determinando libre y voluntariamente si desea facilitar sus datos personales a\u00a0RESTAURACION DO SAR S.L.<\/p>\n<p>&nbsp;<\/p>\n<ol start=\"3\">\n<li><strong>OBLIGATORIEDAD DE FACILITAR LOS DATOS.<\/strong><\/li>\n<\/ol>\n<p>Los datos solicitados en los formularios del Sitio Web son con car\u00e1cter general, obligatorios (salvo que en el campo requerido se especifique lo contrario) para cumplir con las finalidades establecidas.\u00a0<br \/>Por lo tanto, si no se facilitan los mismos o no se facilitan correctamente no podr\u00e1n atenderse las mismas, sin perjuicio de que podr\u00e1 visualizar libremente el contenido del Sitio Web.<\/p>\n<p>&nbsp;<\/p>\n<ol start=\"4\">\n<li><strong>\u00bfCON QU\u00c9 FINALIDAD TRATAR\u00c1 RESTAURACION DO SAR S.L. LOS DATOS PERSONALES DEL USUARIO?<\/strong><\/li>\n<\/ol>\n<p>Los datos personales facilitados a trav\u00e9s del Sitio Web ser\u00e1n tratados por RESTAURACION DO SAR S.L. conforme a las siguientes finalidades:<\/p>\n<p>4.1 Datos facilitados para la\u00a0<strong><u>realizaci\u00f3n de reservas, tanto a trav\u00e9s del Sitio Web como de contact center ( email) para reservas individuales o de grupos y salas:<\/u><\/strong><\/p>\n<ul>\n<li>Gestionar la realizaci\u00f3n de las reservas solicitadas por el usuario<\/li>\n<li>Env\u00edo de la confirmaci\u00f3n o documentaci\u00f3n de la reserva realizada<\/li>\n<li>En el supuesto de prestar el consentimiento para ello, el env\u00edo de comunicaciones comerciales por parte de<strong>\u00a0<\/strong>RESTAURACION DO SAR S.L.<\/li>\n<li>Efectuar an\u00e1lisis sobre la utilizaci\u00f3n del Sitio Web y comprobar las preferencias y comportamiento de los usuarios.<\/li>\n<\/ul>\n<p>4.2 Datos facilitados para\u00a0<u>darse de alta como usuario registrado\u00a0<\/u>en\u00a0RESTAURACION DO SAR S.L.:<\/p>\n<ul>\n<li>Gestionar su solicitud de alta o baja dentro de la modalidad elegida por el usuario.\u00a0<\/li>\n<li>Verificar que el usuario cumple con las exigencias para darse de alta dentro de la modalidad seleccionada, siempre que\u00a0RESTAURACION DO SAR S.L. lo considere conveniente.\u00a0<\/li>\n<li>Tr\u00e1mite y respuesta a las posibles solicitudes de informaci\u00f3n que realice el usuario.\u00a0<\/li>\n<li>B\u00fasqueda de promociones que se ajusten a las necesidades que el usuario seleccione.\u00a0<\/li>\n<li>Para el env\u00edo de comunicaciones comerciales personalizadas por parte de\u00a0RESTAURACION DO SAR S.L..<\/li>\n<li>Efectuar an\u00e1lisis sobre la utilizaci\u00f3n del Sitio Web y comprobar las preferencias y comportamiento de los usuarios.<\/li>\n<\/ul>\n<p>4.3 Datos facilitados para la\u00a0<strong><u>modificaci\u00f3n y cancelaci\u00f3n de reservas\u00a0<\/u><\/strong>:<\/p>\n<ul>\n<li>Gestionar de las solicitudes de modificaci\u00f3n o cancelaci\u00f3n de sus reservas solicitadas por el usuario a\u00a0RESTAURACION DO SAR S.L..<\/li>\n<li>Remitirle la contestaci\u00f3n a la solicitud planteada a<strong>\u00a0<\/strong>RESTAURACION DO SAR S.L..<\/li>\n<li>Efectuar an\u00e1lisis sobre la utilizaci\u00f3n del Sitio Web y comprobar las preferencias y comportamiento de los usuarios.<\/li>\n<\/ul>\n<p>4.4 Datos proporcionados en los\u00a0<strong>formularios de contacto y\u00a0p\u00e1gina\u00a0web<\/strong>:<\/p>\n<ul>\n<li>Gestionar las solicitudes de contacto e informaci\u00f3n del usuario a trav\u00e9s de los canales dispuestos para ello en los sitios web de\u00a0RESTAURACION DO SAR S.L.<\/li>\n<li>Gesti\u00f3n de la petici\u00f3n planteada.<\/li>\n<li>Efectuar an\u00e1lisis sobre la utilizaci\u00f3n del Sitio Web y comprobar las preferencias y comportamiento de los usuarios.<\/li>\n<\/ul>\n<p>4.5 Datos proporcionados en el formulario d<strong>e recuperaci\u00f3n de\u00a0reservas<\/strong>:<\/p>\n<ul>\n<li>Env\u00edo del recordatorio de la reserva no finalizada por el usuario o, en su caso, de las b\u00fasquedas realizadas por el usuario<\/li>\n<li>Efectuar an\u00e1lisis sobre la utilizaci\u00f3n del Sitio Web y comprobar las preferencias y comportamiento de los usuarios.<\/li>\n<\/ul>\n<ol start=\"5\">\n<li><strong>\u00bfQU\u00c9 DATOS DEL USUARIO TRATAR\u00c1 RESTAURACION DO SAR S.L.?<\/strong><\/li>\n<\/ol>\n<p>RESTAURACION DO SAR S.L. tratar\u00e1 las siguientes categor\u00edas de datos del usuario:<\/p>\n<p>5.1 Datos facilitados para la\u00a0<strong><u>realizaci\u00f3n de reservas, tanto a trav\u00e9s del Sitio Web como de contact center (email) para reservas individuales o de grupos y salas:\u00a0<\/u><\/strong><\/p>\n<ul>\n<li>Datos identificativos: nombre, apellidos, nacionalidad.<\/li>\n<li>Datos de contacto: direcci\u00f3n de correo electr\u00f3nico, n\u00famero de tel\u00e9fono.<\/li>\n<li>Datos de transacci\u00f3n de bienes y servicios en RESTAURACION DO SAR S.L.: Productos y servicios adquiridos o sobre los que muestres inter\u00e9s.<\/li>\n<li>Preferencias de estancia.<\/li>\n<li>Datos econ\u00f3micos, financiero y de seguros.<\/li>\n<li>Otros datos: datos facilitados por los propios interesados en los campos abiertos o a trav\u00e9s de la llamada realizada<\/li>\n<li>Datos de navegaci\u00f3n.<\/li>\n<\/ul>\n<p>5.2 Datos facilitados para\u00a0<strong><u>darse de alta como usuario registrado<\/u><\/strong>\u00a0en RESTAURACION DO SAR S.L.:<\/p>\n<ul>\n<li>Datos identificativos: nombre, apellidos, domicilio, nacionalidad.<\/li>\n<li>Datos de contacto: direcci\u00f3n de correo electr\u00f3nico, n\u00famero de tel\u00e9fono.\u00a0<\/li>\n<li>C\u00f3digos o claves de identificaci\u00f3n de usuario y\/o titular.<\/li>\n<li>Datos de detalle de empleo: profesi\u00f3n, sector.<\/li>\n<\/ul>\n<p>5.3 Datos facilitados para la\u00a0<strong>modificaci\u00f3n y cancelaci\u00f3n de\u00a0reservas<\/strong>:<\/p>\n<ul>\n<li>Datos identificativos: nombre, apellidos<\/li>\n<li>Datos de contacto: direcci\u00f3n de correo electr\u00f3nico, n\u00famero de tel\u00e9fono.<\/li>\n<li>Datos de transacci\u00f3n de bienes y servicios<\/li>\n<li>Datos econ\u00f3micos, financiero y de seguros.<\/li>\n<li>Otros datos: datos facilitados por los propios interesados en los campos abiertos de los formularios dispuestos en el Sitio Web o en los documentos adjuntos.<\/li>\n<li>Datos de navegaci\u00f3n.<\/li>\n<\/ul>\n<p>5.4 Datos proporcionados en los\u00a0<strong>formularios de contacto y\u00a0p\u00e1gina\u00a0web:<\/strong><\/p>\n<ul>\n<li>Datos de identificaci\u00f3n: nombre, apellidos<\/li>\n<li>Datos de contacto: direcci\u00f3n de correo electr\u00f3nico, n\u00famero de tel\u00e9fono.<\/li>\n<li>Datos de transacci\u00f3n de bienes y servicios en RESTAURACION DO SAR S.L.:<\/li>\n<li>Datos econ\u00f3micos, financiero y de seguros.<\/li>\n<li>Otros datos: datos facilitados por los propios interesados en los campos abiertos de los formularios dispuestos en el Sitio Web o en los documentos adjuntos.<\/li>\n<li>Datos de navegaci\u00f3n.<\/li>\n<\/ul>\n<p>5.5 Datos proporcionados en el formulario de\u00a0<strong>recuperaci\u00f3n de\u00a0reservas:<\/strong><\/p>\n<ul>\n<li>Datos de contacto: direcci\u00f3n y correo electr\u00f3nico.<\/li>\n<\/ul>\n<ol start=\"6\">\n<li><strong>\u00bfCU\u00c1L ES LA LEGITIMACI\u00d3N DEL TRATAMIENTO DE LOS DATOS DEL USUARIO?<\/strong><\/li>\n<\/ol>\n<p>La legitimaci\u00f3n del tratamiento de sus datos personales, ser\u00e1n las siguientes:<\/p>\n<ol>\n<li>Para la\u00a0<strong><u>realizaci\u00f3n de reservas, tanto a trav\u00e9s del Sitio Web como de contact center (email) para reservas individuales o de grupos y salas<\/u><\/strong>: la ejecuci\u00f3n del contrato entre las partes. Para la ejecuci\u00f3n de an\u00e1lisis sobre la utilizaci\u00f3n de la web, el inter\u00e9s leg\u00edtimo de\u00a0RESTAURACION DO SAR S.L.<\/li>\n<li>Para la gesti\u00f3n del\u00a0<strong><u>alta como usuario registrado <\/u><\/strong>en el consentimiento solicitado y, en los supuestos de verificaci\u00f3n cumplimiento de las condiciones por parte del usuario, as\u00ed como para la ejecuci\u00f3n de an\u00e1lisis sobre la utilizaci\u00f3n de la web, el inter\u00e9s leg\u00edtimo de\u00a0RESTAURACION DO SAR S.L.<strong>.<\/strong>\u00a0No obstante, en caso de retirar su consentimiento, ello no afectar\u00e1 a la licitud de los tratamientos efectuados con anterioridad.<\/li>\n<li>Para\u00a0<strong><u>la\u00a0modificaci\u00f3n y\/o cancelaci\u00f3n de su reserva <\/u><\/strong>en la ejecuci\u00f3n del contrato entre las partes. Para la ejecuci\u00f3n de an\u00e1lisis sobre la utilizaci\u00f3n de la web, el inter\u00e9s leg\u00edtimo de\u00a0RESTAURACION DO SAR S.L.<strong>.<\/strong><\/li>\n<li>Para el env\u00edo de los\u00a0<strong><u>formularios de contacto y p\u00e1gina web<\/u><\/strong>: en el consentimiento prestado por el usuario. Para la ejecuci\u00f3n de an\u00e1lisis sobre la utilizaci\u00f3n de la web, el inter\u00e9s leg\u00edtimo de<strong>\u00a0<\/strong>RESTAURACION DO SAR S.L.<\/li>\n<li>Para el env\u00edo del recordatorio de\u00a0<strong><u>recuperaci\u00f3n de reservas:<\/u><\/strong>\u00a0en el consentimiento prestado por el usuario. Para la ejecuci\u00f3n de an\u00e1lisis sobre la utilizaci\u00f3n de la web, el inter\u00e9s leg\u00edtimo de RESTAURACION DO SAR S.L.<strong>.<\/strong><\/li>\n<li>Los consentimientos obtenidos para las finalidades mencionadas son independientes por lo que el usuario podr\u00e1 revocar solo uno de ellos no afectando a los dem\u00e1s.\u00a0<br \/>Para revocar dicho consentimiento, el Usuario podr\u00e1 contactar con RESTAURACION DO SAR S.L.<strong>.<\/strong> a trav\u00e9s de los canales siguientes:\u00a0info@hotelrosalia.es<\/li>\n<\/ol>\n<ol start=\"7\">\n<li><strong>\u00bfCON QU\u00c9 DESTINATARIOS SE COMPARTIR\u00c1N LOS DATOS DEL USUARIO?<\/strong><\/li>\n<\/ol>\n<p>Adicionalmente, los datos podr\u00e1n ser accesibles por proveedores de\u00a0RESTAURACION DO SAR S.L., siendo dicho acceso el necesario para el adecuado cumplimiento de las obligaciones legales y\/o de las finalidades anteriormente indicadas. Dichos proveedores no tratar\u00e1n sus datos para finalidades propias que no hayan sido previamente informadas por\u00a0RESTAURACION DO SAR S.L..<\/p>\n<ol start=\"8\">\n<li><strong>TRANSFERENCIAS INTERNACIONALES DE DATOS<\/strong><\/li>\n<\/ol>\n<p>No se realizan transferencias internacionales de datos.<\/p>\n<p>&nbsp;<\/p>\n<ol start=\"9\">\n<li><strong>CONSERVACI\u00d3N DE LOS DATOS<\/strong><\/li>\n<\/ol>\n<p>Sus datos ser\u00e1n conservados durante los siguientes plazos:<\/p>\n<ol>\n<li>Datos facilitados para la\u00a0<strong><u>realizaci\u00f3n de reservas, tanto a trav\u00e9s del Sitio Web como de contact center (email) para reservas individuales o de grupos y salas<\/u><\/strong>: ser\u00e1n conservados durante la relaci\u00f3n contractual y, una vez finalizada la misma, durante el plazo de prescripci\u00f3n de las acciones legales que se puedan derivar de la misma.<\/li>\n<li>Datos facilitados para\u00a0<strong><u>darse de alta como usuario registrado<\/u><\/strong>\u00a0en\u00a0RESTAURACION DO SAR S.L.: en tanto en cuanto el usuario no revoque el consentimiento prestado. No obstante, en caso de retirar su consentimiento, ello no afectar\u00e1 a la licitud de los tratamientos efectuados con anterioridad.<\/li>\n<li>Datos facilitados para la\u00a0<strong><u>modificaci\u00f3n y cancelaci\u00f3n de reservas<\/u><\/strong>: ser\u00e1n conservados durante la relaci\u00f3n contractual y, una vez finalizada la misma, durante el plazo de prescripci\u00f3n de las acciones legales que se puedan derivar de la misma.<\/li>\n<li>Datos proporcionados en los\u00a0<strong><u>formularios de contacto y p\u00e1gina web<\/u><\/strong>: ser\u00e1n conservados durante el plazo necesario para dar tr\u00e1mite y contestaci\u00f3n a su solicitud y, una vez finalizado el mismo, durante el plazo de prescripci\u00f3n de las acciones legales derivadas de la citada solicitud.<\/li>\n<\/ol>\n<ol start=\"10\">\n<li><strong>RESPONSABILIDAD DEL USUARIO.<\/strong><\/li>\n<\/ol>\n<p>El usuario:<\/p>\n<ul>\n<li>Garantiza que es mayor de dieciocho (18) a\u00f1os y que los datos que facilita a RESTAURACION DO SAR S.L. son verdaderos, exactos, completos y actualizados. A estos efectos, el usuario responde de la veracidad de todos los datos que comunique y mantendr\u00e1 convenientemente actualizada la informaci\u00f3n facilitada, de tal forma que responda a su situaci\u00f3n real.<\/li>\n<li>Garantiza que ha informado a los terceros de los que facilite sus datos, en caso de hacerlo, de los aspectos contenidos en este documento. Asimismo, garantiza que ha obtenido su autorizaci\u00f3n para facilitar sus datos a RESTAURACION DO SAR S.L. para los fines se\u00f1alados.<\/li>\n<li>Ser\u00e1 responsable de las informaciones falsas o inexactas que proporcione a trav\u00e9s del Sitio Web y de los da\u00f1os y perjuicios, directos o indirectos, que ello cause a RESTAURACION DO SAR S.L. o a terceros<\/li>\n<\/ul>\n<ol start=\"11\">\n<li><strong>EJERCICIO DE DERECHOS.<\/strong><\/li>\n<\/ol>\n<p>El usuario puede enviar un escrito a RESTAURACION DO SAR S.L., a la direcci\u00f3n indicada en el encabezado de la presente Pol\u00edtica, o bien por medio de un correo electr\u00f3nico a la direcci\u00f3n\u00a0info@hotelrosalia.es adjuntando fotocopia de su documento de identidad, en cualquier momento y de manera gratuita, para:<\/p>\n<ul>\n<li>Revocar los consentimientos otorgados.<\/li>\n<li>Obtener confirmaci\u00f3n acerca de si en RESTAURACION DO SAR S.L. se est\u00e1n tratando datos personales que conciernen al usuario o no.<\/li>\n<li>Acceder a sus datos personales.<\/li>\n<li>Rectificar los datos inexactos o incompletos.<\/li>\n<li>Solicitar la supresi\u00f3n de sus datos cuando, entre otros motivos, los datos ya no sean necesarios para los fines que fueron recogidos.<\/li>\n<li>Obtener de RESTAURACION DO SAR S.L. la limitaci\u00f3n del tratamiento de los datos cuando se cumpla alguna de las condiciones previstas en la normativa de protecci\u00f3n de datos.<\/li>\n<li>Solicitar la portabilidad de los datos facilitados por el Usuario en aquellos casos previstos en la normativa.<\/li>\n<li>Interponer una reclamaci\u00f3n relativa a la protecci\u00f3n de sus datos personales ante la Agencia Espa\u00f1ola de Protecci\u00f3n de Datos en la direcci\u00f3n Calle de Jorge Juan, 6, 28001 Madrid, cuando el interesado considere que RESTAURACION DO SAR S.L. ha vulnerado los derechos que le son reconocidos por la normativa aplicable en protecci\u00f3n de datos.<\/li>\n<\/ul>\n<ol start=\"12\">\n<li><strong>MEDIDAS DE SEGURIDAD<\/strong><\/li>\n<\/ol>\n<p>RESTAURACION DO SAR S.L. tratar\u00e1 los datos del usuario en todo momento de forma absolutamente confidencial y guardando el preceptivo deber de secreto respecto de los mismos, de conformidad con lo previsto en la normativa de aplicaci\u00f3n, adoptando al efecto las medidas de \u00edndole t\u00e9cnica y organizativas necesarias que garanticen la seguridad de sus datos y eviten su alteraci\u00f3n, p\u00e9rdida, tratamiento o acceso no autorizado, habida cuenta del estado de la tecnolog\u00eda, la naturaleza de los datos almacenados y los riesgos a que est\u00e1n expuestos.<\/p>\n<p>[\/et_pb_fullwidth_header][\/et_pb_section]<\/p>\n","protected":false},"excerpt":{"rendered":"<p>[et_pb_section fb_built=\u00bb1&#8243; admin_label=\u00bbPol\u00edtica de Privacidad-CABECERA\u00bb _builder_version=\u00bb4.7.4&#8243; use_background_color_gradient=\u00bbon\u00bb background_color_gradient_start=\u00bbrgba(255,255,255,0.89)\u00bb background_color_gradient_end=\u00bbrgba(255,255,255,0)\u00bb background_color_gradient_type=\u00bbradial\u00bb background_color_gradient_direction_radial=\u00bbtop left\u00bb background_color_gradient_start_position=\u00bb30%\u00bb background_color_gradient_end_position=\u00bb80%\u00bb background_color_gradient_overlays_image=\u00bbon\u00bb background_image=\u00bbhttps:\/\/www.hotelrosalia.es\/wp-content\/uploads\/2021\/03\/hotel_grabado.jpg\u00bb custom_margin=\u00bb|||\u00bb custom_padding=\u00bb8vw||8vw||true\u00bb][et_pb_row _builder_version=\u00bb3.25&#8243;][et_pb_column type=\u00bb4_4&#8243; _builder_version=\u00bb3.25&#8243; custom_padding=\u00bb|||\u00bb custom_padding__hover=\u00bb|||\u00bb][et_pb_text _builder_version=\u00bb4.7.4&#8243; text_font=\u00bb||||||||\u00bb header_font=\u00bbRaleway|700|||||||\u00bb header_font_size=\u00bb80px\u00bb header_line_height=\u00bb1.2em\u00bb header_5_font=\u00bbRaleway|700||on|||||\u00bb header_5_text_color=\u00bb#000000&#8243; header_5_font_size=\u00bb20px\u00bb header_5_letter_spacing=\u00bb0.5em\u00bb header_5_line_height=\u00bb1.8em\u00bb animation_style=\u00bbzoom\u00bb animation_intensity_zoom=\u00bb5%\u00bb hover_enabled=\u00bb0&#8243; header_font_size_tablet=\u00bb48px\u00bb header_font_size_phone=\u00bb32px\u00bb header_font_size_last_edited=\u00bbon|phone\u00bb header_5_font_size_tablet=\u00bb14px\u00bb header_5_font_size_phone=\u00bb12px\u00bb header_5_font_size_last_edited=\u00bbon|desktop\u00bb sticky_enabled=\u00bb0&#8243;] HOTEL ROSAL\u00cdA Pol\u00edtica de Privacidad [\/et_pb_text][\/et_pb_column][\/et_pb_row][\/et_pb_section][et_pb_section fb_built=\u00bb1&#8243; fullwidth=\u00bbon\u00bb _builder_version=\u00bb4.7.4&#8243; _module_preset=\u00bbdefault\u00bb top_divider_color=\u00bb#d3ba68&#8243; top_divider_flip=\u00bbvertical\u00bb [&hellip;]<\/p>\n","protected":false},"author":2,"featured_media":0,"parent":0,"menu_order":0,"comment_status":"closed","ping_status":"closed","template":"","meta":{"_et_pb_use_builder":"on","_et_pb_old_content":"","_et_gb_content_width":"","footnotes":""},"class_list":["post-324","page","type-page","status-publish","hentry"],"_links":{"self":[{"href":"https:\/\/www.hotelrosalia.es\/index.php\/wp-json\/wp\/v2\/pages\/324","targetHints":{"allow":["GET"]}}],"collection":[{"href":"https:\/\/www.hotelrosalia.es\/index.php\/wp-json\/wp\/v2\/pages"}],"about":[{"href":"https:\/\/www.hotelrosalia.es\/index.php\/wp-json\/wp\/v2\/types\/page"}],"author":[{"embeddable":true,"href":"https:\/\/www.hotelrosalia.es\/index.php\/wp-json\/wp\/v2\/users\/2"}],"replies":[{"embeddable":true,"href":"https:\/\/www.hotelrosalia.es\/index.php\/wp-json\/wp\/v2\/comments?post=324"}],"version-history":[{"count":3,"href":"https:\/\/www.hotelrosalia.es\/index.php\/wp-json\/wp\/v2\/pages\/324\/revisions"}],"predecessor-version":[{"id":328,"href":"https:\/\/www.hotelrosalia.es\/index.php\/wp-json\/wp\/v2\/pages\/324\/revisions\/328"}],"wp:attachment":[{"href":"https:\/\/www.hotelrosalia.es\/index.php\/wp-json\/wp\/v2\/media?parent=324"}],"curies":[{"name":"wp","href":"https:\/\/api.w.org\/{rel}","templated":true}]}}